{"id":243248,"date":"2025-07-09T10:37:41","date_gmt":"2025-07-09T08:37:41","guid":{"rendered":"https:\/\/www.weice.agency\/?page_id=243248"},"modified":"2025-11-04T13:16:50","modified_gmt":"2025-11-04T12:16:50","slug":"imprint","status":"publish","type":"page","link":"https:\/\/www.weice.agency\/en\/imprint\/","title":{"rendered":"Imprint"},"content":{"rendered":"<p>[et_pb_section fb_built=&#8221;1&#8243; custom_padding_last_edited=&#8221;off|desktop&#8221; _builder_version=&#8221;4.27.4&#8243; _module_preset=&#8221;default&#8221; custom_margin=&#8221;0px||0px||false|false&#8221; custom_padding=&#8221;100px||150px||false|false&#8221; custom_padding_tablet=&#8221;||||false|false&#8221; custom_padding_phone=&#8221;||||false|false&#8221; global_colors_info=&#8221;{}&#8221;][et_pb_row use_custom_gutter=&#8221;on&#8221; gutter_width=&#8221;1&#8243; make_equal=&#8221;on&#8221; custom_padding_last_edited=&#8221;on|tablet&#8221; _builder_version=&#8221;4.27.4&#8243; _module_preset=&#8221;default&#8221; max_width=&#8221;1000px&#8221; custom_padding_tablet=&#8221;0px||0px||false|false&#8221; custom_padding_phone=&#8221;0px||0px||false|false&#8221; animation_direction=&#8221;bottom&#8221; global_colors_info=&#8221;{}&#8221;][et_pb_column type=&#8221;4_4&#8243; _builder_version=&#8221;4.27.4&#8243; _module_preset=&#8221;default&#8221; custom_padding=&#8221;|10%|||false|false&#8221; animation_style=&#8221;slide&#8221; animation_direction=&#8221;bottom&#8221; animation_delay=&#8221;300ms&#8221; animation_intensity_slide=&#8221;20%&#8221; global_colors_info=&#8221;{}&#8221;][et_pb_text _builder_version=&#8221;4.27.4&#8243; _module_preset=&#8221;default&#8221; header_2_text_color=&#8221;gcid-primary-color&#8221; max_width_tablet=&#8221;100%&#8221; max_width_phone=&#8221;100%&#8221; max_width_last_edited=&#8221;on|tablet&#8221; custom_margin=&#8221;||25px||false|false&#8221; text_font_size_phone=&#8221;15px&#8221; text_font_size_last_edited=&#8221;off|desktop&#8221; text_line_height_phone=&#8221;1.7em&#8221; text_line_height_last_edited=&#8221;off|desktop&#8221; global_colors_info=&#8221;{%22gcid-primary-color%22:%91%22header_2_text_color%22%93}&#8221;]<\/p>\n<h2>Impressum<\/h2>\n<p>[\/et_pb_text][et_pb_text _builder_version=&#8221;4.27.4&#8243; _module_preset=&#8221;default&#8221; max_width_tablet=&#8221;100%&#8221; max_width_phone=&#8221;100%&#8221; max_width_last_edited=&#8221;on|tablet&#8221; custom_padding=&#8221;||12px|||&#8221; text_line_height_phone=&#8221;1.7em&#8221; text_line_height_last_edited=&#8221;off|phone&#8221; global_colors_info=&#8221;{}&#8221;]<\/p>\n<p>WEICE CARE SL<br \/>Psaje Antoni Torraldell 2 Entlo<br \/>Palma 07003-Mallorca<\/p>\n<p>NIF B75640995<br \/>P.IVA ESB75640995<\/p>\n<p><strong><br \/>Haftungsausschluss<\/strong><b><br \/><\/b><span>Die bereitgestellten Informationen auf dieser Website werden sorgf\u00e4ltig gepr\u00fcft und regelm\u00e4\u00dfig aktualisiert. Es kann jedoch keine Garantie daf\u00fcr \u00fcbernommen werden, dass alle Angaben zu jeder Zeit vollst\u00e4ndig, richtig und in letzter Aktualit\u00e4t dargestellt sind. Dies gilt insbesondere f\u00fcr alle Links zu anderen Websites, auf die direkt oder indirekt verwiesen wird. Hiermit distanzieren wir uns ausdr\u00fccklich von allen Inhalten und Grafiken aller gelinkten Seiten und machen uns diese nicht zu Eigen. Au\u00dferdem k\u00f6nnen alle Angaben dieser Website ohne vorherige Ank\u00fcndigung erg\u00e4nzt, entfernt oder ge\u00e4ndert werden.<\/span><\/p>\n<p>[\/et_pb_text][\/et_pb_column][\/et_pb_row][\/et_pb_section]<\/p>\n","protected":false},"excerpt":{"rendered":"<p>ImpressumWEICE CARE SLPsaje Antoni Torraldell 2 EntloPalma 07003-Mallorca NIF B75640995P.IVA ESB75640995 HaftungsausschlussDie bereitgestellten Informationen auf dieser Website werden sorgf\u00e4ltig gepr\u00fcft und regelm\u00e4\u00dfig aktualisiert. Es kann jedoch keine Garantie daf\u00fcr \u00fcbernommen werden, dass alle Angaben zu jeder Zeit vollst\u00e4ndig, richtig und in letzter Aktualit\u00e4t dargestellt sind. Dies gilt insbesondere f\u00fcr alle Links zu anderen Websites, auf [&hellip;]<\/p>\n","protected":false},"author":3,"featured_media":0,"parent":0,"menu_order":0,"comment_status":"closed","ping_status":"closed","template":"","meta":{"_acf_changed":false,"_et_pb_use_builder":"on","_et_pb_old_content":"","_et_gb_content_width":"","footnotes":""},"dipi_cpt_category":[],"class_list":["post-243248","page","type-page","status-publish","hentry"],"acf":[],"yoast_head":"<!-- This site is optimized with the Yoast SEO plugin v26.9 - https:\/\/yoast.com\/product\/yoast-seo-wordpress\/ -->\n<title>Imprint - WEICE AGENCY<\/title>\n<meta name=\"robots\" content=\"index, follow, max-snippet:-1, max-image-preview:large, max-video-preview:-1\" \/>\n<link rel=\"canonical\" href=\"https:\/\/www.weice.agency\/en\/imprint\/\" \/>\n<meta property=\"og:locale\" content=\"en_US\" \/>\n<meta property=\"og:type\" content=\"article\" \/>\n<meta property=\"og:title\" content=\"Imprint - WEICE AGENCY\" \/>\n<meta property=\"og:description\" content=\"ImpressumWEICE CARE SLPsaje Antoni Torraldell 2 EntloPalma 07003-Mallorca NIF B75640995P.IVA ESB75640995 HaftungsausschlussDie bereitgestellten Informationen auf dieser Website werden sorgf\u00e4ltig gepr\u00fcft und regelm\u00e4\u00dfig aktualisiert. Es kann jedoch keine Garantie daf\u00fcr \u00fcbernommen werden, dass alle Angaben zu jeder Zeit vollst\u00e4ndig, richtig und in letzter Aktualit\u00e4t dargestellt sind. Dies gilt insbesondere f\u00fcr alle Links zu anderen Websites, auf [&hellip;]\" \/>\n<meta property=\"og:url\" content=\"https:\/\/www.weice.agency\/en\/imprint\/\" \/>\n<meta property=\"og:site_name\" content=\"WEICE AGENCY\" \/>\n<meta property=\"article:modified_time\" content=\"2025-11-04T12:16:50+00:00\" \/>\n<meta name=\"twitter:card\" content=\"summary_large_image\" \/>\n<script type=\"application\/ld+json\" class=\"yoast-schema-graph\">{\"@context\":\"https:\/\/schema.org\",\"@graph\":[{\"@type\":\"WebPage\",\"@id\":\"https:\/\/www.weice.agency\/en\/imprint\/\",\"url\":\"https:\/\/www.weice.agency\/en\/imprint\/\",\"name\":\"Imprint - WEICE AGENCY\",\"isPartOf\":{\"@id\":\"https:\/\/www.weice.agency\/en\/#website\"},\"datePublished\":\"2025-07-09T08:37:41+00:00\",\"dateModified\":\"2025-11-04T12:16:50+00:00\",\"breadcrumb\":{\"@id\":\"https:\/\/www.weice.agency\/en\/imprint\/#breadcrumb\"},\"inLanguage\":\"en-US\",\"potentialAction\":[{\"@type\":\"ReadAction\",\"target\":[\"https:\/\/www.weice.agency\/en\/imprint\/\"]}]},{\"@type\":\"BreadcrumbList\",\"@id\":\"https:\/\/www.weice.agency\/en\/imprint\/#breadcrumb\",\"itemListElement\":[{\"@type\":\"ListItem\",\"position\":1,\"name\":\"Startseite\",\"item\":\"https:\/\/www.weice.agency\/en\/\"},{\"@type\":\"ListItem\",\"position\":2,\"name\":\"Imprint\"}]},{\"@type\":\"WebSite\",\"@id\":\"https:\/\/www.weice.agency\/en\/#website\",\"url\":\"https:\/\/www.weice.agency\/en\/\",\"name\":\"WEICE AGENCY\",\"description\":\"\",\"publisher\":{\"@id\":\"https:\/\/www.weice.agency\/en\/#organization\"},\"potentialAction\":[{\"@type\":\"SearchAction\",\"target\":{\"@type\":\"EntryPoint\",\"urlTemplate\":\"https:\/\/www.weice.agency\/en\/?s={search_term_string}\"},\"query-input\":{\"@type\":\"PropertyValueSpecification\",\"valueRequired\":true,\"valueName\":\"search_term_string\"}}],\"inLanguage\":\"en-US\"},{\"@type\":\"Organization\",\"@id\":\"https:\/\/www.weice.agency\/en\/#organization\",\"name\":\"WEICE AGENCY\",\"url\":\"https:\/\/www.weice.agency\/en\/\",\"logo\":{\"@type\":\"ImageObject\",\"inLanguage\":\"en-US\",\"@id\":\"https:\/\/www.weice.agency\/en\/#\/schema\/logo\/image\/\",\"url\":\"https:\/\/www.weice.agency\/wp-content\/uploads\/2025\/04\/WEICE-color4c-web.png\",\"contentUrl\":\"https:\/\/www.weice.agency\/wp-content\/uploads\/2025\/04\/WEICE-color4c-web.png\",\"width\":1000,\"height\":372,\"caption\":\"WEICE AGENCY\"},\"image\":{\"@id\":\"https:\/\/www.weice.agency\/en\/#\/schema\/logo\/image\/\"}}]}<\/script>\n<!-- \/ Yoast SEO plugin. -->","yoast_head_json":{"title":"Imprint - WEICE AGENCY","robots":{"index":"index","follow":"follow","max-snippet":"max-snippet:-1","max-image-preview":"max-image-preview:large","max-video-preview":"max-video-preview:-1"},"canonical":"https:\/\/www.weice.agency\/en\/imprint\/","og_locale":"en_US","og_type":"article","og_title":"Imprint - WEICE AGENCY","og_description":"ImpressumWEICE CARE SLPsaje Antoni Torraldell 2 EntloPalma 07003-Mallorca NIF B75640995P.IVA ESB75640995 HaftungsausschlussDie bereitgestellten Informationen auf dieser Website werden sorgf\u00e4ltig gepr\u00fcft und regelm\u00e4\u00dfig aktualisiert. Es kann jedoch keine Garantie daf\u00fcr \u00fcbernommen werden, dass alle Angaben zu jeder Zeit vollst\u00e4ndig, richtig und in letzter Aktualit\u00e4t dargestellt sind. Dies gilt insbesondere f\u00fcr alle Links zu anderen Websites, auf [&hellip;]","og_url":"https:\/\/www.weice.agency\/en\/imprint\/","og_site_name":"WEICE AGENCY","article_modified_time":"2025-11-04T12:16:50+00:00","twitter_card":"summary_large_image","schema":{"@context":"https:\/\/schema.org","@graph":[{"@type":"WebPage","@id":"https:\/\/www.weice.agency\/en\/imprint\/","url":"https:\/\/www.weice.agency\/en\/imprint\/","name":"Imprint - WEICE AGENCY","isPartOf":{"@id":"https:\/\/www.weice.agency\/en\/#website"},"datePublished":"2025-07-09T08:37:41+00:00","dateModified":"2025-11-04T12:16:50+00:00","breadcrumb":{"@id":"https:\/\/www.weice.agency\/en\/imprint\/#breadcrumb"},"inLanguage":"en-US","potentialAction":[{"@type":"ReadAction","target":["https:\/\/www.weice.agency\/en\/imprint\/"]}]},{"@type":"BreadcrumbList","@id":"https:\/\/www.weice.agency\/en\/imprint\/#breadcrumb","itemListElement":[{"@type":"ListItem","position":1,"name":"Startseite","item":"https:\/\/www.weice.agency\/en\/"},{"@type":"ListItem","position":2,"name":"Imprint"}]},{"@type":"WebSite","@id":"https:\/\/www.weice.agency\/en\/#website","url":"https:\/\/www.weice.agency\/en\/","name":"WEICE AGENCY","description":"","publisher":{"@id":"https:\/\/www.weice.agency\/en\/#organization"},"potentialAction":[{"@type":"SearchAction","target":{"@type":"EntryPoint","urlTemplate":"https:\/\/www.weice.agency\/en\/?s={search_term_string}"},"query-input":{"@type":"PropertyValueSpecification","valueRequired":true,"valueName":"search_term_string"}}],"inLanguage":"en-US"},{"@type":"Organization","@id":"https:\/\/www.weice.agency\/en\/#organization","name":"WEICE AGENCY","url":"https:\/\/www.weice.agency\/en\/","logo":{"@type":"ImageObject","inLanguage":"en-US","@id":"https:\/\/www.weice.agency\/en\/#\/schema\/logo\/image\/","url":"https:\/\/www.weice.agency\/wp-content\/uploads\/2025\/04\/WEICE-color4c-web.png","contentUrl":"https:\/\/www.weice.agency\/wp-content\/uploads\/2025\/04\/WEICE-color4c-web.png","width":1000,"height":372,"caption":"WEICE AGENCY"},"image":{"@id":"https:\/\/www.weice.agency\/en\/#\/schema\/logo\/image\/"}}]}},"_links":{"self":[{"href":"https:\/\/www.weice.agency\/en\/wp-json\/wp\/v2\/pages\/243248","targetHints":{"allow":["GET"]}}],"collection":[{"href":"https:\/\/www.weice.agency\/en\/wp-json\/wp\/v2\/pages"}],"about":[{"href":"https:\/\/www.weice.agency\/en\/wp-json\/wp\/v2\/types\/page"}],"author":[{"embeddable":true,"href":"https:\/\/www.weice.agency\/en\/wp-json\/wp\/v2\/users\/3"}],"replies":[{"embeddable":true,"href":"https:\/\/www.weice.agency\/en\/wp-json\/wp\/v2\/comments?post=243248"}],"version-history":[{"count":1,"href":"https:\/\/www.weice.agency\/en\/wp-json\/wp\/v2\/pages\/243248\/revisions"}],"predecessor-version":[{"id":243262,"href":"https:\/\/www.weice.agency\/en\/wp-json\/wp\/v2\/pages\/243248\/revisions\/243262"}],"wp:attachment":[{"href":"https:\/\/www.weice.agency\/en\/wp-json\/wp\/v2\/media?parent=243248"}],"wp:term":[{"taxonomy":"dipi_cpt_category","embeddable":true,"href":"https:\/\/www.weice.agency\/en\/wp-json\/wp\/v2\/dipi_cpt_category?post=243248"}],"curies":[{"name":"wp","href":"https:\/\/api.w.org\/{rel}","templated":true}]}}