{"id":243372,"date":"2025-07-09T10:37:41","date_gmt":"2025-07-09T08:37:41","guid":{"rendered":"https:\/\/www.weice.agency\/?page_id=243372"},"modified":"2025-11-04T14:26:58","modified_gmt":"2025-11-04T13:26:58","slug":"aviso-legal","status":"publish","type":"page","link":"https:\/\/www.weice.agency\/es\/aviso-legal\/","title":{"rendered":"Aviso legal"},"content":{"rendered":"<p>[et_pb_section fb_built=\u00bb1&#8243; custom_padding_last_edited=\u00bboff|desktop\u00bb _builder_version=\u00bb4.27.4&#8243; _module_preset=\u00bbdefault\u00bb custom_margin=\u00bb0px||0px||false|false\u00bb custom_padding=\u00bb100px||150px||false|false\u00bb custom_padding_tablet=\u00bb||||false|false\u00bb custom_padding_phone=\u00bb||||false|false\u00bb global_colors_info=\u00bb{}\u00bb][et_pb_row use_custom_gutter=\u00bbon\u00bb gutter_width=\u00bb1&#8243; make_equal=\u00bbon\u00bb custom_padding_last_edited=\u00bbon|tablet\u00bb _builder_version=\u00bb4.27.4&#8243; _module_preset=\u00bbdefault\u00bb max_width=\u00bb1000px\u00bb custom_padding_tablet=\u00bb0px||0px||false|false\u00bb custom_padding_phone=\u00bb0px||0px||false|false\u00bb animation_direction=\u00bbbottom\u00bb global_colors_info=\u00bb{}\u00bb][et_pb_column type=\u00bb4_4&#8243; _builder_version=\u00bb4.27.4&#8243; _module_preset=\u00bbdefault\u00bb custom_padding=\u00bb|10%|||false|false\u00bb animation_style=\u00bbslide\u00bb animation_direction=\u00bbbottom\u00bb animation_delay=\u00bb300ms\u00bb animation_intensity_slide=\u00bb20%\u00bb global_colors_info=\u00bb{}\u00bb][et_pb_text _builder_version=\u00bb4.27.4&#8243; _module_preset=\u00bbdefault\u00bb header_2_text_color=\u00bbgcid-primary-color\u00bb max_width_tablet=\u00bb100%\u00bb max_width_phone=\u00bb100%\u00bb max_width_last_edited=\u00bbon|tablet\u00bb custom_margin=\u00bb||25px||false|false\u00bb text_font_size_phone=\u00bb15px\u00bb text_font_size_last_edited=\u00bboff|desktop\u00bb text_line_height_phone=\u00bb1.7em\u00bb text_line_height_last_edited=\u00bboff|desktop\u00bb global_colors_info=\u00bb{%22gcid-primary-color%22:%91%22header_2_text_color%22%93}\u00bb]<\/p>\n<h2>Impressum<\/h2>\n<p>[\/et_pb_text][et_pb_text _builder_version=\u00bb4.27.4&#8243; _module_preset=\u00bbdefault\u00bb max_width_tablet=\u00bb100%\u00bb max_width_phone=\u00bb100%\u00bb max_width_last_edited=\u00bbon|tablet\u00bb custom_padding=\u00bb||12px|||\u00bb text_line_height_phone=\u00bb1.7em\u00bb text_line_height_last_edited=\u00bboff|phone\u00bb global_colors_info=\u00bb{}\u00bb]<\/p>\n<p>WEICE CARE SL<br \/>Psaje Antoni Torraldell 2 Entlo<br \/>Palma 07003-Mallorca<\/p>\n<p>NIF B75640995<br \/>P.IVA ESB75640995<\/p>\n<p><strong><br \/>Haftungsausschluss<\/strong><b><br \/><\/b><span>Die bereitgestellten Informationen auf dieser Website werden sorgf\u00e4ltig gepr\u00fcft und regelm\u00e4\u00dfig aktualisiert. Es kann jedoch keine Garantie daf\u00fcr \u00fcbernommen werden, dass alle Angaben zu jeder Zeit vollst\u00e4ndig, richtig und in letzter Aktualit\u00e4t dargestellt sind. Dies gilt insbesondere f\u00fcr alle Links zu anderen Websites, auf die direkt oder indirekt verwiesen wird. Hiermit distanzieren wir uns ausdr\u00fccklich von allen Inhalten und Grafiken aller gelinkten Seiten und machen uns diese nicht zu Eigen. Au\u00dferdem k\u00f6nnen alle Angaben dieser Website ohne vorherige Ank\u00fcndigung erg\u00e4nzt, entfernt oder ge\u00e4ndert werden.<\/span><\/p>\n<p>[\/et_pb_text][\/et_pb_column][\/et_pb_row][\/et_pb_section]<\/p>\n","protected":false},"excerpt":{"rendered":"<p>ImpressumWEICE CARE SLPsaje Antoni Torraldell 2 EntloPalma 07003-Mallorca NIF B75640995P.IVA ESB75640995 HaftungsausschlussDie bereitgestellten Informationen auf dieser Website werden sorgf\u00e4ltig gepr\u00fcft und regelm\u00e4\u00dfig aktualisiert. Es kann jedoch keine Garantie daf\u00fcr \u00fcbernommen werden, dass alle Angaben zu jeder Zeit vollst\u00e4ndig, richtig und in letzter Aktualit\u00e4t dargestellt sind. Dies gilt insbesondere f\u00fcr alle Links zu anderen Websites, auf [&hellip;]<\/p>\n","protected":false},"author":3,"featured_media":0,"parent":0,"menu_order":0,"comment_status":"closed","ping_status":"closed","template":"","meta":{"_acf_changed":false,"_et_pb_use_builder":"on","_et_pb_old_content":"","_et_gb_content_width":"","footnotes":""},"dipi_cpt_category":[],"class_list":["post-243372","page","type-page","status-publish","hentry"],"acf":[],"yoast_head":"<!-- This site is optimized with the Yoast SEO plugin v26.9 - https:\/\/yoast.com\/product\/yoast-seo-wordpress\/ -->\n<title>Aviso legal - WEICE AGENCY<\/title>\n<meta name=\"robots\" content=\"index, follow, max-snippet:-1, max-image-preview:large, max-video-preview:-1\" \/>\n<link rel=\"canonical\" href=\"https:\/\/www.weice.agency\/es\/aviso-legal\/\" \/>\n<meta property=\"og:locale\" content=\"es_ES\" \/>\n<meta property=\"og:type\" content=\"article\" \/>\n<meta property=\"og:title\" content=\"Aviso legal - WEICE AGENCY\" \/>\n<meta property=\"og:description\" content=\"ImpressumWEICE CARE SLPsaje Antoni Torraldell 2 EntloPalma 07003-Mallorca NIF B75640995P.IVA ESB75640995 HaftungsausschlussDie bereitgestellten Informationen auf dieser Website werden sorgf\u00e4ltig gepr\u00fcft und regelm\u00e4\u00dfig aktualisiert. Es kann jedoch keine Garantie daf\u00fcr \u00fcbernommen werden, dass alle Angaben zu jeder Zeit vollst\u00e4ndig, richtig und in letzter Aktualit\u00e4t dargestellt sind. Dies gilt insbesondere f\u00fcr alle Links zu anderen Websites, auf [&hellip;]\" \/>\n<meta property=\"og:url\" content=\"https:\/\/www.weice.agency\/es\/aviso-legal\/\" \/>\n<meta property=\"og:site_name\" content=\"WEICE AGENCY\" \/>\n<meta property=\"article:modified_time\" content=\"2025-11-04T13:26:58+00:00\" \/>\n<meta name=\"twitter:card\" content=\"summary_large_image\" \/>\n<script type=\"application\/ld+json\" class=\"yoast-schema-graph\">{\"@context\":\"https:\/\/schema.org\",\"@graph\":[{\"@type\":\"WebPage\",\"@id\":\"https:\/\/www.weice.agency\/es\/aviso-legal\/\",\"url\":\"https:\/\/www.weice.agency\/es\/aviso-legal\/\",\"name\":\"Aviso legal - WEICE AGENCY\",\"isPartOf\":{\"@id\":\"https:\/\/www.weice.agency\/es\/#website\"},\"datePublished\":\"2025-07-09T08:37:41+00:00\",\"dateModified\":\"2025-11-04T13:26:58+00:00\",\"breadcrumb\":{\"@id\":\"https:\/\/www.weice.agency\/es\/aviso-legal\/#breadcrumb\"},\"inLanguage\":\"es\",\"potentialAction\":[{\"@type\":\"ReadAction\",\"target\":[\"https:\/\/www.weice.agency\/es\/aviso-legal\/\"]}]},{\"@type\":\"BreadcrumbList\",\"@id\":\"https:\/\/www.weice.agency\/es\/aviso-legal\/#breadcrumb\",\"itemListElement\":[{\"@type\":\"ListItem\",\"position\":1,\"name\":\"Startseite\",\"item\":\"https:\/\/www.weice.agency\/es\/\"},{\"@type\":\"ListItem\",\"position\":2,\"name\":\"Aviso legal\"}]},{\"@type\":\"WebSite\",\"@id\":\"https:\/\/www.weice.agency\/es\/#website\",\"url\":\"https:\/\/www.weice.agency\/es\/\",\"name\":\"WEICE AGENCY\",\"description\":\"\",\"publisher\":{\"@id\":\"https:\/\/www.weice.agency\/es\/#organization\"},\"potentialAction\":[{\"@type\":\"SearchAction\",\"target\":{\"@type\":\"EntryPoint\",\"urlTemplate\":\"https:\/\/www.weice.agency\/es\/?s={search_term_string}\"},\"query-input\":{\"@type\":\"PropertyValueSpecification\",\"valueRequired\":true,\"valueName\":\"search_term_string\"}}],\"inLanguage\":\"es\"},{\"@type\":\"Organization\",\"@id\":\"https:\/\/www.weice.agency\/es\/#organization\",\"name\":\"WEICE AGENCY\",\"url\":\"https:\/\/www.weice.agency\/es\/\",\"logo\":{\"@type\":\"ImageObject\",\"inLanguage\":\"es\",\"@id\":\"https:\/\/www.weice.agency\/es\/#\/schema\/logo\/image\/\",\"url\":\"https:\/\/www.weice.agency\/wp-content\/uploads\/2025\/04\/WEICE-color4c-web.png\",\"contentUrl\":\"https:\/\/www.weice.agency\/wp-content\/uploads\/2025\/04\/WEICE-color4c-web.png\",\"width\":1000,\"height\":372,\"caption\":\"WEICE AGENCY\"},\"image\":{\"@id\":\"https:\/\/www.weice.agency\/es\/#\/schema\/logo\/image\/\"}}]}<\/script>\n<!-- \/ Yoast SEO plugin. -->","yoast_head_json":{"title":"Aviso legal - WEICE AGENCY","robots":{"index":"index","follow":"follow","max-snippet":"max-snippet:-1","max-image-preview":"max-image-preview:large","max-video-preview":"max-video-preview:-1"},"canonical":"https:\/\/www.weice.agency\/es\/aviso-legal\/","og_locale":"es_ES","og_type":"article","og_title":"Aviso legal - WEICE AGENCY","og_description":"ImpressumWEICE CARE SLPsaje Antoni Torraldell 2 EntloPalma 07003-Mallorca NIF B75640995P.IVA ESB75640995 HaftungsausschlussDie bereitgestellten Informationen auf dieser Website werden sorgf\u00e4ltig gepr\u00fcft und regelm\u00e4\u00dfig aktualisiert. Es kann jedoch keine Garantie daf\u00fcr \u00fcbernommen werden, dass alle Angaben zu jeder Zeit vollst\u00e4ndig, richtig und in letzter Aktualit\u00e4t dargestellt sind. Dies gilt insbesondere f\u00fcr alle Links zu anderen Websites, auf [&hellip;]","og_url":"https:\/\/www.weice.agency\/es\/aviso-legal\/","og_site_name":"WEICE AGENCY","article_modified_time":"2025-11-04T13:26:58+00:00","twitter_card":"summary_large_image","schema":{"@context":"https:\/\/schema.org","@graph":[{"@type":"WebPage","@id":"https:\/\/www.weice.agency\/es\/aviso-legal\/","url":"https:\/\/www.weice.agency\/es\/aviso-legal\/","name":"Aviso legal - WEICE AGENCY","isPartOf":{"@id":"https:\/\/www.weice.agency\/es\/#website"},"datePublished":"2025-07-09T08:37:41+00:00","dateModified":"2025-11-04T13:26:58+00:00","breadcrumb":{"@id":"https:\/\/www.weice.agency\/es\/aviso-legal\/#breadcrumb"},"inLanguage":"es","potentialAction":[{"@type":"ReadAction","target":["https:\/\/www.weice.agency\/es\/aviso-legal\/"]}]},{"@type":"BreadcrumbList","@id":"https:\/\/www.weice.agency\/es\/aviso-legal\/#breadcrumb","itemListElement":[{"@type":"ListItem","position":1,"name":"Startseite","item":"https:\/\/www.weice.agency\/es\/"},{"@type":"ListItem","position":2,"name":"Aviso legal"}]},{"@type":"WebSite","@id":"https:\/\/www.weice.agency\/es\/#website","url":"https:\/\/www.weice.agency\/es\/","name":"WEICE AGENCY","description":"","publisher":{"@id":"https:\/\/www.weice.agency\/es\/#organization"},"potentialAction":[{"@type":"SearchAction","target":{"@type":"EntryPoint","urlTemplate":"https:\/\/www.weice.agency\/es\/?s={search_term_string}"},"query-input":{"@type":"PropertyValueSpecification","valueRequired":true,"valueName":"search_term_string"}}],"inLanguage":"es"},{"@type":"Organization","@id":"https:\/\/www.weice.agency\/es\/#organization","name":"WEICE AGENCY","url":"https:\/\/www.weice.agency\/es\/","logo":{"@type":"ImageObject","inLanguage":"es","@id":"https:\/\/www.weice.agency\/es\/#\/schema\/logo\/image\/","url":"https:\/\/www.weice.agency\/wp-content\/uploads\/2025\/04\/WEICE-color4c-web.png","contentUrl":"https:\/\/www.weice.agency\/wp-content\/uploads\/2025\/04\/WEICE-color4c-web.png","width":1000,"height":372,"caption":"WEICE AGENCY"},"image":{"@id":"https:\/\/www.weice.agency\/es\/#\/schema\/logo\/image\/"}}]}},"_links":{"self":[{"href":"https:\/\/www.weice.agency\/es\/wp-json\/wp\/v2\/pages\/243372","targetHints":{"allow":["GET"]}}],"collection":[{"href":"https:\/\/www.weice.agency\/es\/wp-json\/wp\/v2\/pages"}],"about":[{"href":"https:\/\/www.weice.agency\/es\/wp-json\/wp\/v2\/types\/page"}],"author":[{"embeddable":true,"href":"https:\/\/www.weice.agency\/es\/wp-json\/wp\/v2\/users\/3"}],"replies":[{"embeddable":true,"href":"https:\/\/www.weice.agency\/es\/wp-json\/wp\/v2\/comments?post=243372"}],"version-history":[{"count":1,"href":"https:\/\/www.weice.agency\/es\/wp-json\/wp\/v2\/pages\/243372\/revisions"}],"predecessor-version":[{"id":243374,"href":"https:\/\/www.weice.agency\/es\/wp-json\/wp\/v2\/pages\/243372\/revisions\/243374"}],"wp:attachment":[{"href":"https:\/\/www.weice.agency\/es\/wp-json\/wp\/v2\/media?parent=243372"}],"wp:term":[{"taxonomy":"dipi_cpt_category","embeddable":true,"href":"https:\/\/www.weice.agency\/es\/wp-json\/wp\/v2\/dipi_cpt_category?post=243372"}],"curies":[{"name":"wp","href":"https:\/\/api.w.org\/{rel}","templated":true}]}}